{"id":7846,"date":"2024-08-12T12:33:15","date_gmt":"2024-08-12T12:33:15","guid":{"rendered":"https:\/\/diagonal.social\/?page_id=7846"},"modified":"2025-11-26T01:43:56","modified_gmt":"2025-11-26T01:43:56","slug":"publicacoes","status":"publish","type":"page","link":"https:\/\/diagonal.social\/es\/publicacoes\/","title":{"rendered":"Publicaciones"},"content":{"rendered":"<div data-elementor-type=\"wp-page\" data-elementor-id=\"7846\" class=\"elementor elementor-7846\" data-elementor-post-type=\"page\">\n\t\t\t\t\t\t<section class=\"elementor-section elementor-top-section elementor-element elementor-element-88ead59 elementor-section-full_width elementor-section-height-default elementor-section-height-default\" data-id=\"88ead59\" data-element_type=\"section\" data-settings=\"{&quot;jet_parallax_layout_list&quot;:[]}\">\n\t\t\t\t\t\t<div class=\"elementor-container elementor-column-gap-default\">\n\t\t\t\t\t<div class=\"elementor-column elementor-col-33 elementor-top-column elementor-element elementor-element-7bf76a9\" data-id=\"7bf76a9\" data-element_type=\"column\">\n\t\t\t<div class=\"elementor-widget-wrap elementor-element-populated\">\n\t\t\t\t\t\t<div class=\"elementor-element elementor-element-7f28671 elementor-widget elementor-widget-heading\" data-id=\"7f28671\" data-element_type=\"widget\" data-widget_type=\"heading.default\">\n\t\t\t\t<div class=\"elementor-widget-container\">\n\t\t\t\t\t<h2 class=\"elementor-heading-title elementor-size-default\">Publicaciones<\/h2>\t\t\t\t<\/div>\n\t\t\t\t<\/div>\n\t\t\t\t<div class=\"elementor-element elementor-element-502064a elementor-view-default elementor-widget elementor-widget-icon\" data-id=\"502064a\" data-element_type=\"widget\" data-widget_type=\"icon.default\">\n\t\t\t\t<div class=\"elementor-widget-container\">\n\t\t\t\t\t\t\t<div class=\"elementor-icon-wrapper\">\n\t\t\t<div class=\"elementor-icon\">\n\t\t\t<svg xmlns=\"http:\/\/www.w3.org\/2000\/svg\" width=\"145.09\" height=\"139.835\" viewbox=\"0 0 145.09 139.835\"><g id=\"Grupo_8160\" data-name=\"Grupo 8160\" transform=\"translate(200.243 -1482.757) rotate(30)\" opacity=\"0.1\"><path id=\"Caminho_11509\" data-name=\"Caminho 11509\" d=\"M122.394,14.786l-6.469,58.291a7.548,7.548,0,0,1-8.1,6.7L6.968,71.737A7.561,7.561,0,0,1,2.11,58.971L56.5,2.329A7.567,7.567,0,0,1,62.861.054L115.79,6.448A7.578,7.578,0,0,1,122.394,14.786Z\" transform=\"matrix(0.985, 0.174, -0.174, 0.985, 612.388, 1358.578)\" fill=\"#00a39b\"><\/path><\/g><\/svg>\t\t\t<\/div>\n\t\t<\/div>\n\t\t\t\t\t\t<\/div>\n\t\t\t\t<\/div>\n\t\t\t\t\t<\/div>\n\t\t<\/div>\n\t\t\t\t<div class=\"elementor-column elementor-col-33 elementor-top-column elementor-element elementor-element-291bda0 elementor-hidden-tablet elementor-hidden-mobile\" data-id=\"291bda0\" data-element_type=\"column\">\n\t\t\t<div class=\"elementor-widget-wrap\">\n\t\t\t\t\t\t\t<\/div>\n\t\t<\/div>\n\t\t\t\t<div class=\"elementor-column elementor-col-33 elementor-top-column elementor-element elementor-element-322c909 elementor-hidden-mobile\" data-id=\"322c909\" data-element_type=\"column\">\n\t\t\t<div class=\"elementor-widget-wrap\">\n\t\t\t\t\t\t\t<\/div>\n\t\t<\/div>\n\t\t\t\t\t<\/div>\n\t\t<\/section>\n\t\t\t\t<section class=\"elementor-section elementor-top-section elementor-element elementor-element-74060ad elementor-section-boxed elementor-section-height-default elementor-section-height-default\" data-id=\"74060ad\" data-element_type=\"section\" data-settings=\"{&quot;jet_parallax_layout_list&quot;:[]}\">\n\t\t\t\t\t\t<div class=\"elementor-container elementor-column-gap-default\">\n\t\t\t\t\t<div class=\"elementor-column elementor-col-100 elementor-top-column elementor-element elementor-element-9fc21c3\" data-id=\"9fc21c3\" data-element_type=\"column\">\n\t\t\t<div class=\"elementor-widget-wrap elementor-element-populated\">\n\t\t\t\t\t\t<div class=\"elementor-element elementor-element-ea48843 elementor-absolute elementor-view-default elementor-widget elementor-widget-icon\" data-id=\"ea48843\" data-element_type=\"widget\" data-settings=\"{&quot;_position&quot;:&quot;absolute&quot;}\" data-widget_type=\"icon.default\">\n\t\t\t\t<div class=\"elementor-widget-container\">\n\t\t\t\t\t\t\t<div class=\"elementor-icon-wrapper\">\n\t\t\t<div class=\"elementor-icon\">\n\t\t\t<svg xmlns=\"http:\/\/www.w3.org\/2000\/svg\" width=\"186.073\" height=\"138.207\" viewbox=\"0 0 186.073 138.207\"><g id=\"Grupo_8146\" data-name=\"Grupo 8146\" transform=\"translate(-598.53 -1358.578)\"><path id=\"Caminho_11509\" data-name=\"Caminho 11509\" d=\"M169.406,20.466l-8.954,80.68a10.447,10.447,0,0,1-11.217,9.277L9.645,99.291A10.465,10.465,0,0,1,2.921,81.623l75.285-78.4a10.473,10.473,0,0,1,8.8-3.149l73.26,8.851A10.489,10.489,0,0,1,169.406,20.466Z\" transform=\"matrix(0.985, 0.174, -0.174, 0.985, 617.711, 1358.578)\" fill=\"#f49302\"><\/path><\/g><\/svg>\t\t\t<\/div>\n\t\t<\/div>\n\t\t\t\t\t\t<\/div>\n\t\t\t\t<\/div>\n\t\t\t\t\t<\/div>\n\t\t<\/div>\n\t\t\t\t\t<\/div>\n\t\t<\/section>\n\t\t\t\t<section class=\"elementor-section elementor-top-section elementor-element elementor-element-cfc484d elementor-section-boxed elementor-section-height-default elementor-section-height-default\" data-id=\"cfc484d\" data-element_type=\"section\" data-settings=\"{&quot;jet_parallax_layout_list&quot;:[]}\">\n\t\t\t\t\t\t<div class=\"elementor-container elementor-column-gap-default\">\n\t\t\t\t\t<div class=\"elementor-column elementor-col-100 elementor-top-column elementor-element elementor-element-6674c79\" data-id=\"6674c79\" data-element_type=\"column\">\n\t\t\t<div class=\"elementor-widget-wrap elementor-element-populated\">\n\t\t\t\t\t\t<div class=\"elementor-element elementor-element-4f0f0d6 elementor-grid-3 elementor-grid-tablet-2 elementor-grid-mobile-1 elementor-posts--thumbnail-top elementor-card-shadow-yes elementor-posts__hover-gradient elementor-widget elementor-widget-posts\" data-id=\"4f0f0d6\" data-element_type=\"widget\" data-settings=\"{&quot;cards_columns&quot;:&quot;3&quot;,&quot;cards_columns_tablet&quot;:&quot;2&quot;,&quot;cards_columns_mobile&quot;:&quot;1&quot;,&quot;cards_row_gap&quot;:{&quot;unit&quot;:&quot;px&quot;,&quot;size&quot;:35,&quot;sizes&quot;:[]},&quot;cards_row_gap_tablet&quot;:{&quot;unit&quot;:&quot;px&quot;,&quot;size&quot;:&quot;&quot;,&quot;sizes&quot;:[]},&quot;cards_row_gap_mobile&quot;:{&quot;unit&quot;:&quot;px&quot;,&quot;size&quot;:&quot;&quot;,&quot;sizes&quot;:[]}}\" data-widget_type=\"posts.cards\">\n\t\t\t\t<div class=\"elementor-widget-container\">\n\t\t\t\t\t\t\t<div class=\"elementor-posts-container elementor-posts elementor-posts--skin-cards elementor-grid\">\n\t\t\t\t<article class=\"elementor-post elementor-grid-item post-8097 post type-post status-publish format-standard has-post-thumbnail hentry category-conteudo category-publicacoes\">\n\t\t\t<div class=\"elementor-post__card\">\n\t\t\t\t<a class=\"elementor-post__thumbnail__link\" href=\"https:\/\/diagonal.social\/es\/panorama-das-favelas-e-comunidades-invisibilizadas-do-estado-de-sao-paulo\/\" tabindex=\"-1\" ><div class=\"elementor-post__thumbnail\"><img fetchpriority=\"high\" decoding=\"async\" width=\"300\" height=\"183\" src=\"https:\/\/diagonal.social\/wp-content\/uploads\/2024\/10\/Estudo-TETO-300x183.png\" class=\"attachment-medium size-medium wp-image-8141\" alt=\"\" srcset=\"https:\/\/diagonal.social\/wp-content\/uploads\/2024\/10\/Estudo-TETO-300x183.png 300w, https:\/\/diagonal.social\/wp-content\/uploads\/2024\/10\/Estudo-TETO-1024x625.png 1024w, https:\/\/diagonal.social\/wp-content\/uploads\/2024\/10\/Estudo-TETO-768x469.png 768w, https:\/\/diagonal.social\/wp-content\/uploads\/2024\/10\/Estudo-TETO-18x12.png 18w, https:\/\/diagonal.social\/wp-content\/uploads\/2024\/10\/Estudo-TETO.png 1057w\" sizes=\"(max-width: 300px) 100vw, 300px\" \/><\/div><\/a>\n\t\t\t\t<div class=\"elementor-post__text\">\n\t\t\t\t<h3 class=\"elementor-post__title\">\n\t\t\t<a href=\"https:\/\/diagonal.social\/es\/panorama-das-favelas-e-comunidades-invisibilizadas-do-estado-de-sao-paulo\/\" >\n\t\t\t\tPanorama de favelas y comunidades invisibilizadas en el estado de S\u00e3o Paulo\t\t\t<\/a>\n\t\t<\/h3>\n\t\t\n\t\t<a class=\"elementor-post__read-more\" href=\"https:\/\/diagonal.social\/es\/panorama-das-favelas-e-comunidades-invisibilizadas-do-estado-de-sao-paulo\/\" aria-label=\"M\u00e1s informaci\u00f3n sobre Panorama das Favelas e Comunidades Invisibilizadas do Estado de S\u00e3o Paulo\" tabindex=\"-1\" >\n\t\t\tVer m\u00e1s \"\t\t<\/a>\n\n\t\t\t\t<\/div>\n\t\t\t\t<div class=\"elementor-post__meta-data\">\n\t\t\t\t\t<span class=\"elementor-post-date\">\n\t\t\t11\/10\/2024\t\t<\/span>\n\t\t\t\t<\/div>\n\t\t\t\t\t<\/div>\n\t\t<\/article>\n\t\t\t\t<article class=\"elementor-post elementor-grid-item post-7971 post type-post status-publish format-standard has-post-thumbnail hentry category-conteudo category-publicacoes\">\n\t\t\t<div class=\"elementor-post__card\">\n\t\t\t\t<a class=\"elementor-post__thumbnail__link\" href=\"https:\/\/diagonal.social\/es\/diagonal-insper-e-bei-editora-lancam-guia-pratico-de-urbanismo-social\/\" tabindex=\"-1\" ><div class=\"elementor-post__thumbnail\"><img decoding=\"async\" width=\"300\" height=\"183\" src=\"https:\/\/diagonal.social\/wp-content\/uploads\/2023\/03\/Guia-Patico-de-Urbanismo-Social--300x183.png\" class=\"attachment-medium size-medium wp-image-8086\" alt=\"\" srcset=\"https:\/\/diagonal.social\/wp-content\/uploads\/2023\/03\/Guia-Patico-de-Urbanismo-Social--300x183.png 300w, https:\/\/diagonal.social\/wp-content\/uploads\/2023\/03\/Guia-Patico-de-Urbanismo-Social--1024x625.png 1024w, https:\/\/diagonal.social\/wp-content\/uploads\/2023\/03\/Guia-Patico-de-Urbanismo-Social--768x469.png 768w, https:\/\/diagonal.social\/wp-content\/uploads\/2023\/03\/Guia-Patico-de-Urbanismo-Social--18x12.png 18w, https:\/\/diagonal.social\/wp-content\/uploads\/2023\/03\/Guia-Patico-de-Urbanismo-Social-.png 1057w\" sizes=\"(max-width: 300px) 100vw, 300px\" \/><\/div><\/a>\n\t\t\t\t<div class=\"elementor-post__text\">\n\t\t\t\t<h3 class=\"elementor-post__title\">\n\t\t\t<a href=\"https:\/\/diagonal.social\/es\/diagonal-insper-e-bei-editora-lancam-guia-pratico-de-urbanismo-social\/\" >\n\t\t\t\tDiagonal, Insper y BE\u0128 Editora lanzan la Gu\u00eda Pr\u00e1ctica del Urbanismo Social\t\t\t<\/a>\n\t\t<\/h3>\n\t\t\n\t\t<a class=\"elementor-post__read-more\" href=\"https:\/\/diagonal.social\/es\/diagonal-insper-e-bei-editora-lancam-guia-pratico-de-urbanismo-social\/\" aria-label=\"M\u00e1s informaci\u00f3n sobre Diagonal, Insper e BE\u0128 Editora lan\u00e7am Guia Pr\u00e1tico de Urbanismo Social\" tabindex=\"-1\" >\n\t\t\tVer m\u00e1s \"\t\t<\/a>\n\n\t\t\t\t<\/div>\n\t\t\t\t<div class=\"elementor-post__meta-data\">\n\t\t\t\t\t<span class=\"elementor-post-date\">\n\t\t\t25\/09\/2024\t\t<\/span>\n\t\t\t\t<\/div>\n\t\t\t\t\t<\/div>\n\t\t<\/article>\n\t\t\t\t<article class=\"elementor-post elementor-grid-item post-7065 post type-post status-publish format-standard has-post-thumbnail hentry category-conteudo category-publicacoes\">\n\t\t\t<div class=\"elementor-post__card\">\n\t\t\t\t<a class=\"elementor-post__thumbnail__link\" href=\"https:\/\/diagonal.social\/es\/livro-ilha-de-deus-uma-historia-de-resistencia-e-transformacao\/\" tabindex=\"-1\" ><div class=\"elementor-post__thumbnail\"><img decoding=\"async\" width=\"300\" height=\"183\" src=\"https:\/\/diagonal.social\/wp-content\/uploads\/2023\/10\/Ilha-de-Deus-300x183.png\" class=\"attachment-medium size-medium wp-image-8077\" alt=\"\" srcset=\"https:\/\/diagonal.social\/wp-content\/uploads\/2023\/10\/Ilha-de-Deus-300x183.png 300w, https:\/\/diagonal.social\/wp-content\/uploads\/2023\/10\/Ilha-de-Deus-1024x624.png 1024w, https:\/\/diagonal.social\/wp-content\/uploads\/2023\/10\/Ilha-de-Deus-768x468.png 768w, https:\/\/diagonal.social\/wp-content\/uploads\/2023\/10\/Ilha-de-Deus-18x12.png 18w, https:\/\/diagonal.social\/wp-content\/uploads\/2023\/10\/Ilha-de-Deus.png 1058w\" sizes=\"(max-width: 300px) 100vw, 300px\" \/><\/div><\/a>\n\t\t\t\t<div class=\"elementor-post__text\">\n\t\t\t\t<h3 class=\"elementor-post__title\">\n\t\t\t<a href=\"https:\/\/diagonal.social\/es\/livro-ilha-de-deus-uma-historia-de-resistencia-e-transformacao\/\" >\n\t\t\t\tLibro Ilha de Deus - Una historia de resistencia y transformaci\u00f3n\t\t\t<\/a>\n\t\t<\/h3>\n\t\t\n\t\t<a class=\"elementor-post__read-more\" href=\"https:\/\/diagonal.social\/es\/livro-ilha-de-deus-uma-historia-de-resistencia-e-transformacao\/\" aria-label=\"M\u00e1s informaci\u00f3n sobre Livro Ilha de Deus &#8211; Uma Hist\u00f3ria de Resist\u00eancia  e Transforma\u00e7\u00e3o\" tabindex=\"-1\" >\n\t\t\tVer m\u00e1s \"\t\t<\/a>\n\n\t\t\t\t<\/div>\n\t\t\t\t<div class=\"elementor-post__meta-data\">\n\t\t\t\t\t<span class=\"elementor-post-date\">\n\t\t\t23\/10\/2023\t\t<\/span>\n\t\t\t\t<\/div>\n\t\t\t\t\t<\/div>\n\t\t<\/article>\n\t\t\t\t<article class=\"elementor-post elementor-grid-item post-5188 post type-post status-publish format-standard has-post-thumbnail hentry category-conteudo category-publicacoes\">\n\t\t\t<div class=\"elementor-post__card\">\n\t\t\t\t<a class=\"elementor-post__thumbnail__link\" href=\"https:\/\/diagonal.social\/es\/diagonal-e-arq-futuro-de-cidades-do-insper-lancam-guia-de-urbanismo-social\/\" tabindex=\"-1\" ><div class=\"elementor-post__thumbnail\"><img loading=\"lazy\" decoding=\"async\" width=\"300\" height=\"183\" src=\"https:\/\/diagonal.social\/wp-content\/uploads\/2023\/03\/Guia-de-Urbanismo-Social-1-300x183.png\" class=\"attachment-medium size-medium wp-image-8087\" alt=\"\" srcset=\"https:\/\/diagonal.social\/wp-content\/uploads\/2023\/03\/Guia-de-Urbanismo-Social-1-300x183.png 300w, https:\/\/diagonal.social\/wp-content\/uploads\/2023\/03\/Guia-de-Urbanismo-Social-1-1024x624.png 1024w, https:\/\/diagonal.social\/wp-content\/uploads\/2023\/03\/Guia-de-Urbanismo-Social-1-768x468.png 768w, https:\/\/diagonal.social\/wp-content\/uploads\/2023\/03\/Guia-de-Urbanismo-Social-1-18x12.png 18w, https:\/\/diagonal.social\/wp-content\/uploads\/2023\/03\/Guia-de-Urbanismo-Social-1.png 1058w\" sizes=\"(max-width: 300px) 100vw, 300px\" \/><\/div><\/a>\n\t\t\t\t<div class=\"elementor-post__text\">\n\t\t\t\t<h3 class=\"elementor-post__title\">\n\t\t\t<a href=\"https:\/\/diagonal.social\/es\/diagonal-e-arq-futuro-de-cidades-do-insper-lancam-guia-de-urbanismo-social\/\" >\n\t\t\t\tDiagonal y Arq.Futuro de Cidades de Insper lanzan la Gu\u00eda de Urbanismo Social\t\t\t<\/a>\n\t\t<\/h3>\n\t\t\n\t\t<a class=\"elementor-post__read-more\" href=\"https:\/\/diagonal.social\/es\/diagonal-e-arq-futuro-de-cidades-do-insper-lancam-guia-de-urbanismo-social\/\" aria-label=\"M\u00e1s informaci\u00f3n sobre Diagonal e Arq.Futuro de Cidades do Insper lan\u00e7am Guia de Urbanismo Social\" tabindex=\"-1\" >\n\t\t\tVer m\u00e1s \"\t\t<\/a>\n\n\t\t\t\t<\/div>\n\t\t\t\t<div class=\"elementor-post__meta-data\">\n\t\t\t\t\t<span class=\"elementor-post-date\">\n\t\t\t17\/03\/2023\t\t<\/span>\n\t\t\t\t<\/div>\n\t\t\t\t\t<\/div>\n\t\t<\/article>\n\t\t\t\t<\/div>\n\t\t\n\t\t\t\t\t\t<\/div>\n\t\t\t\t<\/div>\n\t\t\t\t<div class=\"elementor-element elementor-element-2ccc6bd elementor-widget elementor-widget-spacer\" data-id=\"2ccc6bd\" data-element_type=\"widget\" data-widget_type=\"spacer.default\">\n\t\t\t\t<div class=\"elementor-widget-container\">\n\t\t\t\t\t\t\t<div class=\"elementor-spacer\">\n\t\t\t<div class=\"elementor-spacer-inner\"><\/div>\n\t\t<\/div>\n\t\t\t\t\t\t<\/div>\n\t\t\t\t<\/div>\n\t\t\t\t<div class=\"elementor-element elementor-element-ca0125d elementor-align-center elementor-widget elementor-widget-button\" data-id=\"ca0125d\" data-element_type=\"widget\" data-widget_type=\"button.default\">\n\t\t\t\t<div class=\"elementor-widget-container\">\n\t\t\t\t\t\t\t\t\t<div class=\"elementor-button-wrapper\">\n\t\t\t\t\t<a class=\"elementor-button elementor-button-link elementor-size-sm\" href=\"#\" id=\"btn_maisConteudo\">\n\t\t\t\t\t\t<span class=\"elementor-button-content-wrapper\">\n\t\t\t\t\t\t\t\t\t<span class=\"elementor-button-text\">VER M\u00c1S CONTENIDO<\/span>\n\t\t\t\t\t<\/span>\n\t\t\t\t\t<\/a>\n\t\t\t\t<\/div>\n\t\t\t\t\t\t\t\t<\/div>\n\t\t\t\t<\/div>\n\t\t\t\t<div class=\"elementor-element elementor-element-9f93c0d elementor-widget elementor-widget-spacer\" data-id=\"9f93c0d\" data-element_type=\"widget\" data-widget_type=\"spacer.default\">\n\t\t\t\t<div class=\"elementor-widget-container\">\n\t\t\t\t\t\t\t<div class=\"elementor-spacer\">\n\t\t\t<div class=\"elementor-spacer-inner\"><\/div>\n\t\t<\/div>\n\t\t\t\t\t\t<\/div>\n\t\t\t\t<\/div>\n\t\t\t\t\t<\/div>\n\t\t<\/div>\n\t\t\t\t\t<\/div>\n\t\t<\/section>\n\t\t\t\t<\/div>","protected":false},"excerpt":{"rendered":"","protected":false},"author":3,"featured_media":0,"parent":0,"menu_order":0,"comment_status":"closed","ping_status":"closed","template":"","meta":{"footnotes":""},"class_list":["post-7846","page","type-page","status-publish","hentry"],"aioseo_notices":[],"_links":{"self":[{"href":"https:\/\/diagonal.social\/es\/wp-json\/wp\/v2\/pages\/7846","targetHints":{"allow":["GET"]}}],"collection":[{"href":"https:\/\/diagonal.social\/es\/wp-json\/wp\/v2\/pages"}],"about":[{"href":"https:\/\/diagonal.social\/es\/wp-json\/wp\/v2\/types\/page"}],"author":[{"embeddable":true,"href":"https:\/\/diagonal.social\/es\/wp-json\/wp\/v2\/users\/3"}],"replies":[{"embeddable":true,"href":"https:\/\/diagonal.social\/es\/wp-json\/wp\/v2\/comments?post=7846"}],"version-history":[{"count":16,"href":"https:\/\/diagonal.social\/es\/wp-json\/wp\/v2\/pages\/7846\/revisions"}],"predecessor-version":[{"id":10062,"href":"https:\/\/diagonal.social\/es\/wp-json\/wp\/v2\/pages\/7846\/revisions\/10062"}],"wp:attachment":[{"href":"https:\/\/diagonal.social\/es\/wp-json\/wp\/v2\/media?parent=7846"}],"curies":[{"name":"wp","href":"https:\/\/api.w.org\/{rel}","templated":true}]}}