{"id":769,"date":"2022-06-03T18:18:38","date_gmt":"2022-06-03T18:18:38","guid":{"rendered":"https:\/\/diagonal.loomi.com.br\/?page_id=769"},"modified":"2025-09-02T08:59:07","modified_gmt":"2025-09-02T08:59:07","slug":"trabalhe-conosco","status":"publish","type":"page","link":"https:\/\/diagonal.social\/en\/trabalhe-conosco\/","title":{"rendered":"Work with us"},"content":{"rendered":"<div data-elementor-type=\"wp-page\" data-elementor-id=\"769\" class=\"elementor elementor-769\" data-elementor-post-type=\"page\">\n\t\t\t\t\t\t<section class=\"elementor-section elementor-top-section elementor-element elementor-element-352d5d3 elementor-section-full_width elementor-section-height-default elementor-section-height-default\" data-id=\"352d5d3\" data-element_type=\"section\" data-settings=\"{&quot;background_background&quot;:&quot;classic&quot;,&quot;jet_parallax_layout_list&quot;:[]}\">\n\t\t\t\t\t\t\t<div class=\"elementor-background-overlay\"><\/div>\n\t\t\t\t\t\t\t<div class=\"elementor-container elementor-column-gap-default\">\n\t\t\t\t\t<div class=\"elementor-column elementor-col-50 elementor-top-column elementor-element elementor-element-1581aa4\" data-id=\"1581aa4\" data-element_type=\"column\">\n\t\t\t<div class=\"elementor-widget-wrap elementor-element-populated\">\n\t\t\t\t\t\t<div class=\"elementor-element elementor-element-b6701f9 elementor-widget__width-initial elementor-absolute elementor-widget elementor-widget-image\" data-id=\"b6701f9\" data-element_type=\"widget\" data-settings=\"{&quot;_position&quot;:&quot;absolute&quot;}\" data-widget_type=\"image.default\">\n\t\t\t\t<div class=\"elementor-widget-container\">\n\t\t\t\t\t\t\t\t\t\t\t\t\t\t\t<img fetchpriority=\"high\" decoding=\"async\" width=\"554\" height=\"523\" src=\"https:\/\/diagonal.social\/wp-content\/uploads\/2022\/06\/Path-11542.png\" class=\"attachment-large size-large wp-image-1534\" alt=\"\" srcset=\"https:\/\/diagonal.social\/wp-content\/uploads\/2022\/06\/Path-11542.png 554w, https:\/\/diagonal.social\/wp-content\/uploads\/2022\/06\/Path-11542-300x283.png 300w\" sizes=\"(max-width: 554px) 100vw, 554px\" \/>\t\t\t\t\t\t\t\t\t\t\t\t\t\t\t<\/div>\n\t\t\t\t<\/div>\n\t\t\t\t<div class=\"elementor-element elementor-element-8ba3795 elementor-widget elementor-widget-heading\" data-id=\"8ba3795\" data-element_type=\"widget\" data-widget_type=\"heading.default\">\n\t\t\t\t<div class=\"elementor-widget-container\">\n\t\t\t\t\t<h1 class=\"elementor-heading-title elementor-size-default\">Work with us<\/h1>\t\t\t\t<\/div>\n\t\t\t\t<\/div>\n\t\t\t\t<div class=\"elementor-element elementor-element-43f553b elementor-widget elementor-widget-heading\" data-id=\"43f553b\" data-element_type=\"widget\" data-widget_type=\"heading.default\">\n\t\t\t\t<div class=\"elementor-widget-container\">\n\t\t\t\t\t<p class=\"elementor-heading-title elementor-size-default\">Transform lives through social change and sustainable development of territories.<\/p>\t\t\t\t<\/div>\n\t\t\t\t<\/div>\n\t\t\t\t<div class=\"elementor-element elementor-element-b13f8f9 elementor-widget elementor-widget-heading\" data-id=\"b13f8f9\" data-element_type=\"widget\" data-widget_type=\"heading.default\">\n\t\t\t\t<div class=\"elementor-widget-container\">\n\t\t\t\t\t<p class=\"elementor-heading-title elementor-size-default\">For this reason, we are always looking for diverse talents who can enhance our legacy of social transformation.\n<\/p>\t\t\t\t<\/div>\n\t\t\t\t<\/div>\n\t\t\t\t<div class=\"elementor-element elementor-element-367cbf1 elementor-mobile-align-justify elementor-widget elementor-widget-button\" data-id=\"367cbf1\" data-element_type=\"widget\" data-widget_type=\"button.default\">\n\t\t\t\t<div class=\"elementor-widget-container\">\n\t\t\t\t\t\t\t\t\t<div class=\"elementor-button-wrapper\">\n\t\t\t\t\t<a class=\"elementor-button elementor-button-link elementor-size-sm\" href=\"https:\/\/sejadiagonal.gupy.io\/\" target=\"_blank\" rel=\"noopener noreferrer nofollow\">\n\t\t\t\t\t\t<span class=\"elementor-button-content-wrapper\">\n\t\t\t\t\t\t\t\t\t<span class=\"elementor-button-text\">See our positions<\/span>\n\t\t\t\t\t<\/span>\n\t\t\t\t\t<\/a>\n\t\t\t\t<\/div>\n\t\t\t\t\t\t\t\t<\/div>\n\t\t\t\t<\/div>\n\t\t\t\t<div class=\"elementor-element elementor-element-8fbc878 elementor-widget elementor-widget-jet-lottie\" data-id=\"8fbc878\" data-element_type=\"widget\" data-widget_type=\"jet-lottie.default\">\n\t\t\t\t<div class=\"elementor-widget-container\">\n\t\t\t\t\t<div class=\"elementor-jet-lottie jet-elements\"><div class=\"jet-lottie\" data-settings=\"{&quot;path&quot;:&quot;https:\\\/\\\/diagonalsocial.me\\\/wp-content\\\/uploads\\\/2022\\\/06\\\/lf30_editor_xwf4wot0.json&quot;,&quot;renderer&quot;:&quot;svg&quot;,&quot;action_start&quot;:&quot;autoplay&quot;,&quot;delay&quot;:&quot;&quot;,&quot;on_hover_out&quot;:null,&quot;redirect_timeout&quot;:null,&quot;viewport&quot;:&quot;&quot;,&quot;loop&quot;:true,&quot;loop_times&quot;:&quot;&quot;,&quot;reversed&quot;:false,&quot;play_speed&quot;:1}\"><div class=\"jet-lottie__elem\"><\/div><\/div><\/div>\t\t\t\t<\/div>\n\t\t\t\t<\/div>\n\t\t\t\t\t<\/div>\n\t\t<\/div>\n\t\t\t\t<div class=\"elementor-column elementor-col-50 elementor-top-column elementor-element elementor-element-efb5054\" data-id=\"efb5054\" data-element_type=\"column\">\n\t\t\t<div class=\"elementor-widget-wrap elementor-element-populated\">\n\t\t\t\t\t\t<div class=\"elementor-element elementor-element-24244b3 elementor-widget elementor-widget-image\" data-id=\"24244b3\" data-element_type=\"widget\" data-widget_type=\"image.default\">\n\t\t\t\t<div class=\"elementor-widget-container\">\n\t\t\t\t\t\t\t\t\t\t\t\t\t\t\t<img decoding=\"async\" width=\"800\" height=\"531\" src=\"https:\/\/diagonal.social\/wp-content\/uploads\/2025\/09\/250718_Trabalhe-conosco.ai_image4_copy_1-1024x680.jpg\" class=\"attachment-large size-large wp-image-9356\" alt=\"\" srcset=\"https:\/\/diagonal.social\/wp-content\/uploads\/2025\/09\/250718_Trabalhe-conosco.ai_image4_copy_1-1024x680.jpg 1024w, https:\/\/diagonal.social\/wp-content\/uploads\/2025\/09\/250718_Trabalhe-conosco.ai_image4_copy_1-300x199.jpg 300w, https:\/\/diagonal.social\/wp-content\/uploads\/2025\/09\/250718_Trabalhe-conosco.ai_image4_copy_1-768x510.jpg 768w, https:\/\/diagonal.social\/wp-content\/uploads\/2025\/09\/250718_Trabalhe-conosco.ai_image4_copy_1-1536x1020.jpg 1536w, https:\/\/diagonal.social\/wp-content\/uploads\/2025\/09\/250718_Trabalhe-conosco.ai_image4_copy_1-18x12.jpg 18w, https:\/\/diagonal.social\/wp-content\/uploads\/2025\/09\/250718_Trabalhe-conosco.ai_image4_copy_1.jpg 1761w\" sizes=\"(max-width: 800px) 100vw, 800px\" \/>\t\t\t\t\t\t\t\t\t\t\t\t\t\t\t<\/div>\n\t\t\t\t<\/div>\n\t\t\t\t\t<\/div>\n\t\t<\/div>\n\t\t\t\t\t<\/div>\n\t\t<\/section>\n\t\t\t\t<section class=\"elementor-section elementor-top-section elementor-element elementor-element-5a47f6e elementor-section-full_width elementor-section-height-default elementor-section-height-default\" data-id=\"5a47f6e\" data-element_type=\"section\" data-settings=\"{&quot;jet_parallax_layout_list&quot;:[],&quot;background_background&quot;:&quot;classic&quot;}\">\n\t\t\t\t\t\t<div class=\"elementor-container elementor-column-gap-default\">\n\t\t\t\t\t<div class=\"elementor-column elementor-col-100 elementor-top-column elementor-element elementor-element-7f5614b\" data-id=\"7f5614b\" data-element_type=\"column\">\n\t\t\t<div class=\"elementor-widget-wrap elementor-element-populated\">\n\t\t\t\t\t\t<div class=\"elementor-element elementor-element-1bfd69c elementor-widget elementor-widget-heading\" data-id=\"1bfd69c\" data-element_type=\"widget\" data-widget_type=\"heading.default\">\n\t\t\t\t<div class=\"elementor-widget-container\">\n\t\t\t\t\t<h1 class=\"elementor-heading-title elementor-size-default\">Didn't find a position for you today?<br><b>\nRegister your resume in our talent pool.<\/b><\/h1>\t\t\t\t<\/div>\n\t\t\t\t<\/div>\n\t\t\t\t<div class=\"elementor-element elementor-element-2f629ea elementor-mobile-align-justify elementor-widget elementor-widget-button\" data-id=\"2f629ea\" data-element_type=\"widget\" data-widget_type=\"button.default\">\n\t\t\t\t<div class=\"elementor-widget-container\">\n\t\t\t\t\t\t\t\t\t<div class=\"elementor-button-wrapper\">\n\t\t\t\t\t<a class=\"elementor-button elementor-button-link elementor-size-sm\" href=\"https:\/\/sejadiagonal.gupy.io\/\" target=\"_blank\" rel=\"noopener noreferrer nofollow\">\n\t\t\t\t\t\t<span class=\"elementor-button-content-wrapper\">\n\t\t\t\t\t\t\t\t\t<span class=\"elementor-button-text\">Register here<\/span>\n\t\t\t\t\t<\/span>\n\t\t\t\t\t<\/a>\n\t\t\t\t<\/div>\n\t\t\t\t\t\t\t\t<\/div>\n\t\t\t\t<\/div>\n\t\t\t\t\t<\/div>\n\t\t<\/div>\n\t\t\t\t\t<\/div>\n\t\t<\/section>\n\t\t\t\t<section class=\"elementor-section elementor-top-section elementor-element elementor-element-0255874 elementor-section-full_width elementor-section-height-default elementor-section-height-default\" data-id=\"0255874\" data-element_type=\"section\" data-settings=\"{&quot;jet_parallax_layout_list&quot;:[],&quot;background_background&quot;:&quot;classic&quot;}\">\n\t\t\t\t\t\t<div class=\"elementor-container elementor-column-gap-default\">\n\t\t\t\t\t<div class=\"elementor-column elementor-col-50 elementor-top-column elementor-element elementor-element-40d5e57\" data-id=\"40d5e57\" data-element_type=\"column\">\n\t\t\t<div class=\"elementor-widget-wrap elementor-element-populated\">\n\t\t\t\t\t\t<div class=\"elementor-element elementor-element-63b4fde elementor-widget elementor-widget-heading\" data-id=\"63b4fde\" data-element_type=\"widget\" data-widget_type=\"heading.default\">\n\t\t\t\t<div class=\"elementor-widget-container\">\n\t\t\t\t\t<h1 class=\"elementor-heading-title elementor-size-default\">Our people policy<\/h1>\t\t\t\t<\/div>\n\t\t\t\t<\/div>\n\t\t\t\t<div class=\"elementor-element elementor-element-b3cf6fe elementor-widget elementor-widget-heading\" data-id=\"b3cf6fe\" data-element_type=\"widget\" data-widget_type=\"heading.default\">\n\t\t\t\t<div class=\"elementor-widget-container\">\n\t\t\t\t\t<p class=\"elementor-heading-title elementor-size-default\">Our focus is on people. <br><br>We value a working environment that fosters innovation so that we can propose solutions. We look at others with empathy, because only then can we establish true connections. We believe in collaboration, collective intelligence, dialog and co-creation to achieve differentiated results. <br><br>In our policies and practices, we value diversity, equity, and inclusion, because we believe in the power of differences to achieve more human outcomes.<\/p>\t\t\t\t<\/div>\n\t\t\t\t<\/div>\n\t\t\t\t\t<\/div>\n\t\t<\/div>\n\t\t\t\t<div class=\"elementor-column elementor-col-50 elementor-top-column elementor-element elementor-element-7efbe35\" data-id=\"7efbe35\" data-element_type=\"column\">\n\t\t\t<div class=\"elementor-widget-wrap elementor-element-populated\">\n\t\t\t\t\t\t<div class=\"elementor-element elementor-element-9b868f9 elementor-widget elementor-widget-image\" data-id=\"9b868f9\" data-element_type=\"widget\" data-widget_type=\"image.default\">\n\t\t\t\t<div class=\"elementor-widget-container\">\n\t\t\t\t\t\t\t\t\t\t\t\t\t\t\t<img decoding=\"async\" width=\"800\" height=\"495\" src=\"https:\/\/diagonal.social\/wp-content\/uploads\/2025\/09\/250718_Trabalhe-conosco.ai_image7_copy_1-1024x634.jpg\" class=\"attachment-large size-large wp-image-9358\" alt=\"\" srcset=\"https:\/\/diagonal.social\/wp-content\/uploads\/2025\/09\/250718_Trabalhe-conosco.ai_image7_copy_1-1024x634.jpg 1024w, https:\/\/diagonal.social\/wp-content\/uploads\/2025\/09\/250718_Trabalhe-conosco.ai_image7_copy_1-300x186.jpg 300w, https:\/\/diagonal.social\/wp-content\/uploads\/2025\/09\/250718_Trabalhe-conosco.ai_image7_copy_1-768x476.jpg 768w, https:\/\/diagonal.social\/wp-content\/uploads\/2025\/09\/250718_Trabalhe-conosco.ai_image7_copy_1-18x12.jpg 18w, https:\/\/diagonal.social\/wp-content\/uploads\/2025\/09\/250718_Trabalhe-conosco.ai_image7_copy_1.jpg 1343w\" sizes=\"(max-width: 800px) 100vw, 800px\" \/>\t\t\t\t\t\t\t\t\t\t\t\t\t\t\t<\/div>\n\t\t\t\t<\/div>\n\t\t\t\t<div class=\"elementor-element elementor-element-cea5e14 elementor-mobile-align-justify elementor-widget elementor-widget-button\" data-id=\"cea5e14\" data-element_type=\"widget\" data-widget_type=\"button.default\">\n\t\t\t\t<div class=\"elementor-widget-container\">\n\t\t\t\t\t\t\t\t\t<div class=\"elementor-button-wrapper\">\n\t\t\t\t\t<a class=\"elementor-button elementor-button-link elementor-size-sm\" href=\"https:\/\/diagonalsocial.me\/nossa-historia-sobre-a-diagonal\/\" target=\"_blank\" rel=\"noopener noreferrer nofollow\">\n\t\t\t\t\t\t<span class=\"elementor-button-content-wrapper\">\n\t\t\t\t\t\t\t\t\t<span class=\"elementor-button-text\">Learn more about Diagonal<\/span>\n\t\t\t\t\t<\/span>\n\t\t\t\t\t<\/a>\n\t\t\t\t<\/div>\n\t\t\t\t\t\t\t\t<\/div>\n\t\t\t\t<\/div>\n\t\t\t\t\t<\/div>\n\t\t<\/div>\n\t\t\t\t\t<\/div>\n\t\t<\/section>\n\t\t\t\t<\/div>","protected":false},"excerpt":{"rendered":"<p>Trabalhe conosco Transformar vidas por meio da mudan\u00e7a social e do desenvolvimento sustent\u00e1vel dos territ\u00f3rios Por isso, estamos sempre em busca de talentos diversos que contribuam para potencializar nosso legado de transforma\u00e7\u00e3o social. Veja nossas vagas N\u00e3o encontrou uma vaga para voc\u00ea hoje? Cadastre seu curr\u00edculo no nosso banco de talentos. Cadastre-se Aqui Nossa pol\u00edtica [&hellip;]<\/p>\n","protected":false},"author":1,"featured_media":0,"parent":0,"menu_order":0,"comment_status":"closed","ping_status":"closed","template":"elementor_header_footer","meta":{"footnotes":""},"class_list":["post-769","page","type-page","status-publish","hentry"],"aioseo_notices":[],"_links":{"self":[{"href":"https:\/\/diagonal.social\/en\/wp-json\/wp\/v2\/pages\/769","targetHints":{"allow":["GET"]}}],"collection":[{"href":"https:\/\/diagonal.social\/en\/wp-json\/wp\/v2\/pages"}],"about":[{"href":"https:\/\/diagonal.social\/en\/wp-json\/wp\/v2\/types\/page"}],"author":[{"embeddable":true,"href":"https:\/\/diagonal.social\/en\/wp-json\/wp\/v2\/users\/1"}],"replies":[{"embeddable":true,"href":"https:\/\/diagonal.social\/en\/wp-json\/wp\/v2\/comments?post=769"}],"version-history":[{"count":217,"href":"https:\/\/diagonal.social\/en\/wp-json\/wp\/v2\/pages\/769\/revisions"}],"predecessor-version":[{"id":9364,"href":"https:\/\/diagonal.social\/en\/wp-json\/wp\/v2\/pages\/769\/revisions\/9364"}],"wp:attachment":[{"href":"https:\/\/diagonal.social\/en\/wp-json\/wp\/v2\/media?parent=769"}],"curies":[{"name":"wp","href":"https:\/\/api.w.org\/{rel}","templated":true}]}}