{"id":4220,"date":"2022-11-23T17:25:49","date_gmt":"2022-11-23T17:25:49","guid":{"rendered":"https:\/\/diagonalsocial.me\/?page_id=4220"},"modified":"2025-06-25T14:24:15","modified_gmt":"2025-06-25T14:24:15","slug":"formulario-informacoes-adicionais-para-divulgacao","status":"publish","type":"page","link":"https:\/\/diagonal.social\/en\/formulario-informacoes-adicionais-para-divulgacao\/","title":{"rendered":"Formul\u00e1rio informa\u00e7\u00f5es adicionais para divulga\u00e7\u00e3o"},"content":{"rendered":"<div data-elementor-type=\"wp-page\" data-elementor-id=\"4220\" class=\"elementor elementor-4220\" data-elementor-post-type=\"page\">\n\t\t\t\t\t\t<section class=\"elementor-section elementor-top-section elementor-element elementor-element-a8d5148 elementor-section-boxed elementor-section-height-default elementor-section-height-default\" data-id=\"a8d5148\" data-element_type=\"section\" data-settings=\"{&quot;jet_parallax_layout_list&quot;:[]}\">\n\t\t\t\t\t\t<div class=\"elementor-container elementor-column-gap-default\">\n\t\t\t\t\t<div class=\"elementor-column elementor-col-100 elementor-top-column elementor-element elementor-element-5734fb2\" data-id=\"5734fb2\" data-element_type=\"column\">\n\t\t\t<div class=\"elementor-widget-wrap elementor-element-populated\">\n\t\t\t\t\t\t<div class=\"elementor-element elementor-element-aa802e4 elementor-widget elementor-widget-spacer\" data-id=\"aa802e4\" data-element_type=\"widget\" data-widget_type=\"spacer.default\">\n\t\t\t\t<div class=\"elementor-widget-container\">\n\t\t\t\t\t\t\t<div class=\"elementor-spacer\">\n\t\t\t<div class=\"elementor-spacer-inner\"><\/div>\n\t\t<\/div>\n\t\t\t\t\t\t<\/div>\n\t\t\t\t<\/div>\n\t\t\t\t\t<\/div>\n\t\t<\/div>\n\t\t\t\t\t<\/div>\n\t\t<\/section>\n\t\t\t\t<section class=\"elementor-section elementor-top-section elementor-element elementor-element-37fe2f1 elementor-section-boxed elementor-section-height-default elementor-section-height-default\" data-id=\"37fe2f1\" data-element_type=\"section\" data-settings=\"{&quot;jet_parallax_layout_list&quot;:[]}\">\n\t\t\t\t\t\t<div class=\"elementor-container elementor-column-gap-default\">\n\t\t\t\t\t<div class=\"elementor-column elementor-col-100 elementor-top-column elementor-element elementor-element-cef4a79\" data-id=\"cef4a79\" data-element_type=\"column\">\n\t\t\t<div class=\"elementor-widget-wrap elementor-element-populated\">\n\t\t\t\t\t\t<div class=\"elementor-element elementor-element-1091af2 elementor-widget elementor-widget-heading\" data-id=\"1091af2\" data-element_type=\"widget\" data-widget_type=\"heading.default\">\n\t\t\t\t<div class=\"elementor-widget-container\">\n\t\t\t\t\t<h2 class=\"elementor-heading-title elementor-size-default\">INSTR687-ver08 - Informa\u00e7\u00f5es adicionais para divulga\u00e7\u00e3o<\/h2>\t\t\t\t<\/div>\n\t\t\t\t<\/div>\n\t\t\t\t<div class=\"elementor-element elementor-element-9331f2d elementor-widget elementor-widget-shortcode\" data-id=\"9331f2d\" data-element_type=\"widget\" data-widget_type=\"shortcode.default\">\n\t\t\t\t<div class=\"elementor-widget-container\">\n\t\t\t\t\t\t\t<div class=\"elementor-shortcode\">\n<div class=\"wpcf7 no-js\" id=\"wpcf7-f4228-o1\" lang=\"pt-BR\" dir=\"ltr\" data-wpcf7-id=\"4228\">\n<div class=\"screen-reader-response\"><p role=\"status\" aria-live=\"polite\" aria-atomic=\"true\"><\/p> <ul><\/ul><\/div>\n<form action=\"\/en\/wp-json\/wp\/v2\/pages\/4220#wpcf7-f4228-o1\" method=\"post\" class=\"wpcf7-form init\" aria-label=\"Formul\u00e1rios de contato\" enctype=\"multipart\/form-data\" novalidate=\"novalidate\" data-status=\"init\" data-trp-original-action=\"\/en\/wp-json\/wp\/v2\/pages\/4220#wpcf7-f4228-o1\">\n<fieldset class=\"hidden-fields-container\"><input type=\"hidden\" name=\"_wpcf7\" value=\"4228\" \/><input type=\"hidden\" name=\"_wpcf7_version\" value=\"6.1.5\" \/><input type=\"hidden\" name=\"_wpcf7_locale\" value=\"pt_BR\" \/><input type=\"hidden\" name=\"_wpcf7_unit_tag\" value=\"wpcf7-f4228-o1\" \/><input type=\"hidden\" name=\"_wpcf7_container_post\" value=\"0\" \/><input type=\"hidden\" name=\"_wpcf7_posted_data_hash\" value=\"\" \/><input type=\"hidden\" name=\"_wpcf7_recaptcha_response\" value=\"\" \/>\n<\/fieldset>\n<p><label> Nome Completo<br \/>\n<span class=\"wpcf7-form-control-wrap\" data-name=\"nome\"><input size=\"40\" maxlength=\"400\" class=\"wpcf7-form-control wpcf7-text wpcf7-validates-as-required\" aria-required=\"true\" aria-invalid=\"false\" value=\"\" type=\"text\" name=\"nome\" \/><\/span> <\/label>\n<\/p>\n<p><label> Qual a cidade em que voc\u00ea mora?<br \/>\n<span class=\"wpcf7-form-control-wrap\" data-name=\"cidade\"><input size=\"40\" maxlength=\"400\" class=\"wpcf7-form-control wpcf7-text wpcf7-validates-as-required\" aria-required=\"true\" aria-invalid=\"false\" value=\"\" type=\"text\" name=\"cidade\" \/><\/span> <\/label>\n<\/p>\n<p><label> Data de nascimento<br \/>\n<span class=\"wpcf7-form-control-wrap\" data-name=\"data-nascimento\"><input class=\"wpcf7-form-control wpcf7-date wpcf7-validates-as-date\" aria-invalid=\"false\" value=\"\" type=\"date\" name=\"data-nascimento\" \/><\/span> <\/label>\n<\/p>\n<p><label> Qual sua m\u00fasica preferida?<br \/>\n<span class=\"wpcf7-form-control-wrap\" data-name=\"musica\"><input size=\"40\" maxlength=\"400\" class=\"wpcf7-form-control wpcf7-text wpcf7-validates-as-required\" aria-required=\"true\" aria-invalid=\"false\" value=\"\" type=\"text\" name=\"musica\" \/><\/span> <\/label>\n<\/p>\n<p><label> Qual o filme que mais te marcou nos \u00faltimos anos?<br \/>\n<span class=\"wpcf7-form-control-wrap\" data-name=\"filme\"><input size=\"40\" maxlength=\"400\" class=\"wpcf7-form-control wpcf7-text wpcf7-validates-as-required\" aria-required=\"true\" aria-invalid=\"false\" value=\"\" type=\"text\" name=\"filme\" \/><\/span> <\/label>\n<\/p>\n<p><label><br \/>\nQual o livro que voc\u00ea leu e gostaria de indicar para algu\u00e9m?<br \/>\n<span class=\"wpcf7-form-control-wrap\" data-name=\"livro\"><input size=\"40\" maxlength=\"400\" class=\"wpcf7-form-control wpcf7-text wpcf7-validates-as-required\" aria-required=\"true\" aria-invalid=\"false\" value=\"\" type=\"text\" name=\"livro\" \/><\/span> <\/label>\n<\/p>\n<p><label> Conte em poucas palavras uma curiosidade sobre voc\u00ea<br \/>\n<span class=\"wpcf7-form-control-wrap\" data-name=\"curiosidade\"><textarea cols=\"40\" rows=\"10\" maxlength=\"110\" class=\"wpcf7-form-control wpcf7-textarea\" aria-invalid=\"false\" name=\"curiosidade\"><\/textarea><\/span><br \/>\n<\/label>\n<\/p>\n<p><label> Qual sua expectativa na Diagonal?<br \/>\n<span class=\"wpcf7-form-control-wrap\" data-name=\"expectativa\"><textarea cols=\"40\" rows=\"10\" maxlength=\"2000\" class=\"wpcf7-form-control wpcf7-textarea\" aria-invalid=\"false\" name=\"expectativa\"><\/textarea><\/span> <\/label>\n<\/p>\n<p><label> Favor anexar uma selfie preferida (10MB)<br \/>\n<span class=\"wpcf7-form-control-wrap\" data-name=\"upload-foto\"><input size=\"40\" class=\"wpcf7-form-control wpcf7-file\" accept=\"audio\/*,video\/*,image\/*\" aria-invalid=\"false\" type=\"file\" name=\"upload-foto\" \/><\/span> <\/label><br \/>\n*opte por uma foto que mostre seu rosto\n<\/p>\n<p><span class=\"wpcf7-form-control-wrap\" data-name=\"aceito-termos\"><span class=\"wpcf7-form-control wpcf7-acceptance optional\"><span class=\"wpcf7-list-item\"><label><input type=\"checkbox\" name=\"aceito-termos\" value=\"1\" aria-invalid=\"false\" \/><span class=\"wpcf7-list-item-label\">Voc\u00ea autoriza a divulga\u00e7\u00e3o desta informa\u00e7\u00f5es (conte\u00fado e foto) com o objetivo de integra\u00e7\u00e3o dentro da Diagonal? (A divulga\u00e7\u00e3o de novos colaboradores \u00e9 feita na Revista Diagonal)<\/span><\/label><\/span><\/span><\/span>\n<\/p>\n<p><input class=\"wpcf7-form-control wpcf7-submit has-spinner\" type=\"submit\" value=\"Send\" \/>\n<\/p><p style=\"display: none !important;\" class=\"akismet-fields-container\" data-prefix=\"_wpcf7_ak_\"><label>&#916;<textarea name=\"_wpcf7_ak_hp_textarea\" cols=\"45\" rows=\"8\" maxlength=\"100\"><\/textarea><\/label><input type=\"hidden\" id=\"ak_js_1\" name=\"_wpcf7_ak_js\" value=\"218\"\/><script>document.getElementById( \"ak_js_1\" ).setAttribute( \"value\", ( new Date() ).getTime() );<\/script><\/p><div class=\"wpcf7-response-output\" aria-hidden=\"true\"><\/div>\n<input type=\"hidden\" name=\"trp-form-language\" value=\"en\"\/><\/form>\n<\/div>\n<\/div>\n\t\t\t\t\t\t<\/div>\n\t\t\t\t<\/div>\n\t\t\t\t\t<\/div>\n\t\t<\/div>\n\t\t\t\t\t<\/div>\n\t\t<\/section>\n\t\t\t\t<\/div>","protected":false},"excerpt":{"rendered":"<p>INSTR687-ver08 &#8211; Informa\u00e7\u00f5es adicionais para divulga\u00e7\u00e3o<\/p>","protected":false},"author":3,"featured_media":0,"parent":0,"menu_order":0,"comment_status":"closed","ping_status":"closed","template":"","meta":{"footnotes":""},"class_list":["post-4220","page","type-page","status-publish","hentry"],"aioseo_notices":[],"_links":{"self":[{"href":"https:\/\/diagonal.social\/en\/wp-json\/wp\/v2\/pages\/4220","targetHints":{"allow":["GET"]}}],"collection":[{"href":"https:\/\/diagonal.social\/en\/wp-json\/wp\/v2\/pages"}],"about":[{"href":"https:\/\/diagonal.social\/en\/wp-json\/wp\/v2\/types\/page"}],"author":[{"embeddable":true,"href":"https:\/\/diagonal.social\/en\/wp-json\/wp\/v2\/users\/3"}],"replies":[{"embeddable":true,"href":"https:\/\/diagonal.social\/en\/wp-json\/wp\/v2\/comments?post=4220"}],"version-history":[{"count":27,"href":"https:\/\/diagonal.social\/en\/wp-json\/wp\/v2\/pages\/4220\/revisions"}],"predecessor-version":[{"id":9335,"href":"https:\/\/diagonal.social\/en\/wp-json\/wp\/v2\/pages\/4220\/revisions\/9335"}],"wp:attachment":[{"href":"https:\/\/diagonal.social\/en\/wp-json\/wp\/v2\/media?parent=4220"}],"curies":[{"name":"wp","href":"https:\/\/api.w.org\/{rel}","templated":true}]}}